{"id":41,"date":"2010-07-05T00:09:56","date_gmt":"2010-07-05T00:09:56","guid":{"rendered":"http:\/\/www.moniazuber.pl\/?page_id=41"},"modified":"2022-02-03T12:21:06","modified_gmt":"2022-02-03T12:21:06","slug":"witaj","status":"publish","type":"page","link":"http:\/\/www.moniazuber.pl\/","title":{"rendered":"Witaj!"},"content":{"rendered":"\t\t<div data-elementor-type=\"wp-page\" data-elementor-id=\"41\" class=\"elementor elementor-41\" data-elementor-settings=\"[]\">\n\t\t\t\t\t\t<div class=\"elementor-inner\">\n\t\t\t\t\t\t\t<div class=\"elementor-section-wrap\">\n\t\t\t\t\t\t\t<section class=\"elementor-section elementor-top-section elementor-element elementor-element-2ebd9b3d elementor-section-boxed elementor-section-height-default elementor-section-height-default\" data-id=\"2ebd9b3d\" data-element_type=\"section\">\n\t\t\t\t\t\t<div class=\"elementor-container elementor-column-gap-default\">\n\t\t\t\t\t\t\t<div class=\"elementor-row\">\n\t\t\t\t\t<div class=\"elementor-column elementor-col-100 elementor-top-column elementor-element elementor-element-17eae904\" data-id=\"17eae904\" data-element_type=\"column\">\n\t\t\t<div class=\"elementor-column-wrap elementor-element-populated\">\n\t\t\t\t\t\t\t<div class=\"elementor-widget-wrap\">\n\t\t\t\t\t\t<div class=\"elementor-element elementor-element-10b959b9 elementor-widget elementor-widget-text-editor\" data-id=\"10b959b9\" data-element_type=\"widget\" data-widget_type=\"text-editor.default\">\n\t\t\t\t<div class=\"elementor-widget-container\">\n\t\t\t\t\t\t\t\t<div class=\"elementor-text-editor elementor-clearfix\">\n\t\t\t\t<p style=\"text-align: center;\"><span style=\"color: #999999;\"><span style=\"font-size: 18pt;\">Witaj na stronie Moniki.<\/span><\/span><\/p><p style=\"text-align: center;\">\u00a0<\/p><p><img loading=\"lazy\" class=\"wp-image-1481 aligncenter\" src=\"http:\/\/www.moniazuber.pl\/wp-content\/uploads\/2022\/02\/IMG_9253-kopia.jpg\" alt=\"\" width=\"411\" height=\"308\" srcset=\"http:\/\/www.moniazuber.pl\/wp-content\/uploads\/2022\/02\/IMG_9253-kopia.jpg 756w, http:\/\/www.moniazuber.pl\/wp-content\/uploads\/2022\/02\/IMG_9253-kopia-300x225.jpg 300w\" sizes=\"(max-width: 411px) 100vw, 411px\" \/><\/p><h2 style=\"text-align: center;\"><span style=\"color: #999999;\">Co znajdziesz na stronie we wpisach:<\/span><\/h2><p style=\"text-align: center;\"><span style=\"font-size: 18pt; color: #008000;\"><a style=\"color: #008000;\" href=\"http:\/\/www.moniazuber.pl\/?cat=4\" target=\"_blank\" rel=\"noopener noreferrer\">Teolo\u017cka feministyczna<\/a><\/span><\/p><p style=\"text-align: center;\">to my\u015bli lu\u017ane i trudne pytania, pr\u00f3ba szukania nowych przestrzeni teologicznych dla kobiet i stworzonych przez kobiety<img loading=\"lazy\" class=\"aligncenter wp-image-903\" src=\"http:\/\/www.moniazuber.pl\/wp-content\/uploads\/2010\/07\/F-300x169.jpg\" alt=\"\" width=\"100\" height=\"56\" srcset=\"http:\/\/www.moniazuber.pl\/wp-content\/uploads\/2010\/07\/F-300x169.jpg 300w, http:\/\/www.moniazuber.pl\/wp-content\/uploads\/2010\/07\/F.jpg 460w\" sizes=\"(max-width: 100px) 100vw, 100px\" \/><\/p><p style=\"text-align: center;\"><span style=\"font-size: 18pt; color: #008000;\">\u00a0<a style=\"color: #008000;\" href=\"http:\/\/www.moniazuber.pl\/?cat=3\" target=\"_blank\" rel=\"noopener noreferrer\">Weronique<\/a><\/span><\/p><p style=\"text-align: center;\">to szkice wejrze\u0144 w dusz\u0119, kt\u00f3ra jak niezwyk\u0142a studnia &#8211; kryje tajemnice,\u00a0odbija nasz\u0105 twarz i zamienia w\u0142osy w p\u0119dy dzikiego wina&#8230;<img loading=\"lazy\" class=\"aligncenter wp-image-903\" src=\"http:\/\/www.moniazuber.pl\/wp-content\/uploads\/2010\/07\/F-300x169.jpg\" alt=\"\" width=\"100\" height=\"56\" srcset=\"http:\/\/www.moniazuber.pl\/wp-content\/uploads\/2010\/07\/F-300x169.jpg 300w, http:\/\/www.moniazuber.pl\/wp-content\/uploads\/2010\/07\/F.jpg 460w\" sizes=\"(max-width: 100px) 100vw, 100px\" \/><\/p><p style=\"text-align: center;\"><span style=\"font-size: 18pt; color: #008000;\">\u00a0<a style=\"color: #008000;\" href=\"http:\/\/www.moniazuber.pl\/?cat=5\" target=\"_blank\" rel=\"noopener noreferrer\">Kazania<\/a><\/span><\/p><p style=\"text-align: center;\">moje kazania, wyg\u0142oszone z r\u00f3\u017cnych okazji lub bez okazji, wyb\u00f3r subiektywny \ud83d\ude09<img loading=\"lazy\" class=\"aligncenter wp-image-903\" src=\"http:\/\/www.moniazuber.pl\/wp-content\/uploads\/2010\/07\/F-300x169.jpg\" alt=\"\" width=\"100\" height=\"56\" srcset=\"http:\/\/www.moniazuber.pl\/wp-content\/uploads\/2010\/07\/F-300x169.jpg 300w, http:\/\/www.moniazuber.pl\/wp-content\/uploads\/2010\/07\/F.jpg 460w\" sizes=\"(max-width: 100px) 100vw, 100px\" \/><\/p><p style=\"text-align: center;\"><span style=\"font-size: 18pt; color: #008000;\">\u00a0<a style=\"color: #008000;\" href=\"http:\/\/www.moniazuber.pl\/?cat=6\" target=\"_blank\" rel=\"noopener noreferrer\">Artyku\u0142y, notatki i blog<\/a><\/span><\/p><p style=\"text-align: center;\">tu znajduj\u0105 si\u0119 szeroko rozumiane &#8222;r\u00f3\u017cno\u015bci&#8221; teologiczne \ud83d\ude09<img loading=\"lazy\" class=\"aligncenter wp-image-903\" src=\"http:\/\/www.moniazuber.pl\/wp-content\/uploads\/2010\/07\/F-300x169.jpg\" alt=\"\" width=\"100\" height=\"56\" srcset=\"http:\/\/www.moniazuber.pl\/wp-content\/uploads\/2010\/07\/F-300x169.jpg 300w, http:\/\/www.moniazuber.pl\/wp-content\/uploads\/2010\/07\/F.jpg 460w\" sizes=\"(max-width: 100px) 100vw, 100px\" \/><\/p><p style=\"text-align: center;\">\u00a0<\/p>\t\t\t\t\t<\/div>\n\t\t\t\t\t\t<\/div>\n\t\t\t\t<\/div>\n\t\t\t\t\t\t<\/div>\n\t\t\t\t\t<\/div>\n\t\t<\/div>\n\t\t\t\t\t\t\t\t<\/div>\n\t\t\t\t\t<\/div>\n\t\t<\/section>\n\t\t\t\t\t\t<\/div>\n\t\t\t\t\t\t<\/div>\n\t\t\t\t\t<\/div>\n\t\t","protected":false},"excerpt":{"rendered":"<p>Witaj na stronie Moniki. \u00a0 Co znajdziesz na stronie we wpisach: Teolo\u017cka feministyczna to my\u015bli lu\u017ane i trudne pytania, pr\u00f3ba szukania nowych przestrzeni teologicznych dla kobiet i stworzonych przez kobiety \u00a0Weronique to szkice wejrze\u0144 w dusz\u0119, kt\u00f3ra jak niezwyk\u0142a studnia &#8211; kryje tajemnice,\u00a0odbija nasz\u0105 twarz i zamienia w\u0142osy w p\u0119dy dzikiego wina&#8230; \u00a0Kazania moje kazania, wyg\u0142oszone z r\u00f3\u017cnych okazji lub bez okazji, wyb\u00f3r subiektywny \ud83d\ude09 \u00a0Artyku\u0142y, notatki i blog tu znajduj\u0105 si\u0119 szeroko rozumiane &#8222;r\u00f3\u017cno\u015bci&#8221; teologiczne \ud83d\ude09 \u00a0<\/p>\n","protected":false},"author":1,"featured_media":0,"parent":0,"menu_order":1,"comment_status":"closed","ping_status":"closed","template":"","meta":{"ngg_post_thumbnail":0},"_links":{"self":[{"href":"http:\/\/www.moniazuber.pl\/index.php?rest_route=\/wp\/v2\/pages\/41"}],"collection":[{"href":"http:\/\/www.moniazuber.pl\/index.php?rest_route=\/wp\/v2\/pages"}],"about":[{"href":"http:\/\/www.moniazuber.pl\/index.php?rest_route=\/wp\/v2\/types\/page"}],"author":[{"embeddable":true,"href":"http:\/\/www.moniazuber.pl\/index.php?rest_route=\/wp\/v2\/users\/1"}],"replies":[{"embeddable":true,"href":"http:\/\/www.moniazuber.pl\/index.php?rest_route=%2Fwp%2Fv2%2Fcomments&post=41"}],"version-history":[{"count":87,"href":"http:\/\/www.moniazuber.pl\/index.php?rest_route=\/wp\/v2\/pages\/41\/revisions"}],"predecessor-version":[{"id":1484,"href":"http:\/\/www.moniazuber.pl\/index.php?rest_route=\/wp\/v2\/pages\/41\/revisions\/1484"}],"wp:attachment":[{"href":"http:\/\/www.moniazuber.pl\/index.php?rest_route=%2Fwp%2Fv2%2Fmedia&parent=41"}],"curies":[{"name":"wp","href":"https:\/\/api.w.org\/{rel}","templated":true}]}}