{"id":45,"date":"2010-07-05T00:12:26","date_gmt":"2010-07-05T00:12:26","guid":{"rendered":"http:\/\/www.moniazuber.pl\/?page_id=45"},"modified":"2023-03-14T13:09:58","modified_gmt":"2023-03-14T13:09:58","slug":"linki","status":"publish","type":"page","link":"http:\/\/www.moniazuber.pl\/?page_id=45","title":{"rendered":"Linki"},"content":{"rendered":"\t\t<div data-elementor-type=\"wp-page\" data-elementor-id=\"45\" class=\"elementor elementor-45\" data-elementor-settings=\"[]\">\n\t\t\t\t\t\t<div class=\"elementor-inner\">\n\t\t\t\t\t\t\t<div class=\"elementor-section-wrap\">\n\t\t\t\t\t\t\t<section class=\"elementor-section elementor-top-section elementor-element elementor-element-3505bfd6 elementor-section-boxed elementor-section-height-default elementor-section-height-default\" data-id=\"3505bfd6\" data-element_type=\"section\">\n\t\t\t\t\t\t<div class=\"elementor-container elementor-column-gap-default\">\n\t\t\t\t\t\t\t<div class=\"elementor-row\">\n\t\t\t\t\t<div class=\"elementor-column elementor-col-100 elementor-top-column elementor-element elementor-element-6e089193\" data-id=\"6e089193\" data-element_type=\"column\">\n\t\t\t<div class=\"elementor-column-wrap elementor-element-populated\">\n\t\t\t\t\t\t\t<div class=\"elementor-widget-wrap\">\n\t\t\t\t\t\t<div class=\"elementor-element elementor-element-67792b99 elementor-widget elementor-widget-text-editor\" data-id=\"67792b99\" data-element_type=\"widget\" data-widget_type=\"text-editor.default\">\n\t\t\t\t<div class=\"elementor-widget-container\">\n\t\t\t\t\t\t\t\t<div class=\"elementor-text-editor elementor-clearfix\">\n\t\t\t\t<p>strona mojego m\u0119\u017ca, Darka: <a href=\"http:\/\/www.homopaschalis.pl\/\" target=\"_blank\" rel=\"noopener noreferrer\">&gt;&gt;HOMPASCHALIS&lt;&lt;<\/a>\u00a0<\/p><p>m\u00f3j blogo-pami\u0119tnik: <a href=\"http:\/\/www.blog.moniazuber.pl\/\" target=\"_blank\" rel=\"noopener noreferrer\">&gt;&gt;BLOG MONI ZUBER&lt;&lt;<\/a><\/p><p>strona parafii w Starych Juchach, gdzie s\u0142u\u017c\u0119: <a href=\"http:\/\/www.juchy.ewangelicy.mazury.pl\/\">&gt;&gt;PARAFIA STARE JUCHY&lt;&lt;<\/a><\/p><p>strona parafii w E\u0142ku, gdzie s\u0142u\u017c\u0119 pomocniczo: <a href=\"http:\/\/www.elk.ewangelicy.mazury.pl\/\">&gt;&gt;PARAFIA MI\u0141O\u015aCI BO\u017bEJ&lt;&lt;<\/a><\/p><p>strona O\u015brodka wypoczynkowego Sowa, kt\u00f3ry prowadz\u0119 w Starych Juchach: <a href=\"http:\/\/www.osrodeksowa.pl\/\">&gt;&gt;SOWA&lt;&lt;<\/a><\/p><p>strona Ko\u015bcio\u0142a Ewangelicko-Metodystycznego w Polsce: <a href=\"http:\/\/www.metodysci.pl\/\">&gt;&gt;METODY\u015aCI&lt;&lt;<\/a>\u200b<\/p><p>strona Zjednoczonego Ko\u015bcio\u0142a Metodyst\u00f3w: <a href=\"http:\/\/www.umc.org\">&gt;&gt;UNITED METHODIST CHURCH&lt;&lt;<\/a>\u200b\u200b<\/p>\t\t\t\t\t<\/div>\n\t\t\t\t\t\t<\/div>\n\t\t\t\t<\/div>\n\t\t\t\t\t\t<\/div>\n\t\t\t\t\t<\/div>\n\t\t<\/div>\n\t\t\t\t\t\t\t\t<\/div>\n\t\t\t\t\t<\/div>\n\t\t<\/section>\n\t\t\t\t<section class=\"elementor-section elementor-top-section elementor-element elementor-element-118ed91 elementor-section-boxed elementor-section-height-default elementor-section-height-default\" data-id=\"118ed91\" data-element_type=\"section\">\n\t\t\t\t\t\t<div class=\"elementor-container elementor-column-gap-default\">\n\t\t\t\t\t\t\t<div class=\"elementor-row\">\n\t\t\t\t\t<div class=\"elementor-column elementor-col-100 elementor-top-column elementor-element elementor-element-4c01c71\" data-id=\"4c01c71\" data-element_type=\"column\">\n\t\t\t<div class=\"elementor-column-wrap elementor-element-populated\">\n\t\t\t\t\t\t\t<div class=\"elementor-widget-wrap\">\n\t\t\t\t\t\t<div class=\"elementor-element elementor-element-89a791a elementor-widget elementor-widget-text-editor\" data-id=\"89a791a\" data-element_type=\"widget\" data-widget_type=\"text-editor.default\">\n\t\t\t\t<div class=\"elementor-widget-container\">\n\t\t\t\t\t\t\t\t<div class=\"elementor-text-editor elementor-clearfix\">\n\t\t\t\t<h3><span style=\"color: #ff0000;\">Wywiady i rozmowy:<\/span><\/h3><p>Miasto Kobiet TVN &#8211; o nie pomijaniu fragment\u00f3w antydyskryminuj\u0105cych w Pi\u015bmie<a href=\"https:\/\/www.tvnstyle.pl\/miasto-kobiet-ks-monika-zuber-o-pomijanych-w-kosciele-fragmentach-pisma-swietego,2042443,v.html\">&gt;&gt;&gt;MiastoKobietTVN&gt;&gt;&gt;zobacz<\/a><\/p><p>Reformacja jest kobiet\u0105 \u2013 o feminizmie, Strajku Kobiet i s\u0142u\u017cbie Bogu<a href=\"https:\/\/www.youtube.com\/watch?v=bhHgbCcIOYs\">&gt;&gt;&gt;MATWonline&gt;&gt;zobacz<\/a><\/p><p>Kobieta przy o\u0142tarzu. Jak panie radz\u0105 sobie w roli duchownych?<a href=\"https:\/\/dziendobry.tvn.pl\/styl-zycia\/kobieta-przy-oltarzu-jak-panie-radza-sobie-w-roli-duchownych-5480903?fbclid=IwAR0sAzvFSQNITqO8dgpSvh9c72Qk-1SveTvI9_nPY9dxr5cW8-PKYtJTQvo\">&gt;&gt;&gt;DDTVN&gt;&gt;&gt;zobacz\u200b<\/a><\/p><p>Monika Zuber &#8211; kobieta, kt\u00f3ra zosta\u0142a ksi\u0119dzem <a href=\"https:\/\/dziendobry.tvn.pl\/a\/monika-zuber-kobieta-ktora-zostala-ksiedzem-to-tez-normalna-sciezka-zawodowa\">&gt;&gt;&gt;DDTVN&gt;&gt;&gt;zobacz<\/a><\/p><p>Monika Zuber: Aposto\u0142ami byli tylko \u017bydzi<a href=\"https:\/\/miasto-gazeta.pl\/apostolami-byli-tylko-zydzi\/?fbclid=IwAR2bfVoKatFwiZ5cHioQWT_DbVqbT_OsSZBIynbxvJCwtdXnFxyltmTgV-k\">&gt;&gt;&gt;MiastoGazeta&gt;&gt;zobacz<\/a><\/p><p id=\"article_title\">Ks. Monika Zuber: Sko\u0144czy\u0142am teologi\u0119 i na studiach nie us\u0142ysza\u0142am prawie o \u017cadnej kobiecie z historii Ko\u015bcio\u0142a<a href=\"https:\/\/kobieta.gazeta.pl\/kobieta\/7,107881,26848795,ks-monika-zuber-skonczylam-teologie-i-na-studiach-nie-uslyszalam.html?fbclid=IwAR1bfp7Kvqy-aNgMk5R7KIv0Jk7Wp_EYA8KNdDOkPydW-83ij8LM9sXg24E#s=BoxMMt3\">&gt;&gt;&gt;Kobieta.Gazeta.pl&gt;&gt;zobacz<\/a><\/p><p>Kobiety na ambony! Monika Zuber nosi koloratk\u0119, <br \/>nie unika tematu aborcji i jest &#8222;paliwem do piek\u0142a&#8221;<a href=\"https:\/\/natemat.pl\/339025,kobieta-pastorka-monika-zuber-o-sytuacji-kobiet-na-stanowiskach-duchownych?fbclid=IwAR0kScN6urHYbX9VzxfrOtal2004kxR6ES-7cpfpacjOSa8wgj-qleEZgZg#\">&gt;&gt;&gt;NaTemat&gt;&gt;zobacz<\/a><\/p><p>Pastorka polskich metodyst\u00f3w: B\u00f3g dzia\u0142a przez \u015bwieckich w Ko\u015bciele, <br \/>im te\u017c rozdziela powo\u0142ania <a href=\"https:\/\/pl.aleteia.org\/2021\/01\/19\/monika-zuber-pastorka-polskich-metodystow\/?fbclid=IwAR2bfVoKatFwiZ5cHioQWT_DbVqbT_OsSZBIynbxvJCwtdXnFxyltmTgV-k&amp;utm_medium=aleteiapl&amp;utm_source=Facebook\">&gt;&gt;&gt;Aleteia&gt;&gt;zobacz<\/a><\/p><p>Kobieta ksi\u0105dz? Dlaczego nie?<a href=\"https:\/\/gazetaolsztynska.pl\/693344,Kobieta-ksiadz-Dlaczego-nie-ROZMOWA.html\">&gt;&gt;&gt;GazetaOlsztynska&gt;&gt;zobacz<\/a><\/p><p>Podkast ks. Monika Zuber<a href=\"https:\/\/www.kobietyjakrakiety.pl\/podcasty\/episode\/4b617745\/ks-monika-zuber?fbclid=IwAR0Hf4pkKwfoHEpev0PYnbjCr-HR3AA0qJCWmfHuH79aY9EwmbF6z4vlwdQ\">&gt;&gt;&gt;KobietyjakRakiety&gt;&gt;zobacz<\/a><\/p><p>Cz\u0142owiek staje si\u0119 lepszy poprzez mi\u0142o\u015b\u0107, a nie cierpienie<a href=\"https:\/\/magazyn.wp.pl\/kobieta\/artykul\/czlowiek-staje-sie-lepszy-poprzez-milosc-a-nie-cierpienie?fbclid=IwAR2Uqvy-RugTxLt4Q_Xun8isRBtUuIv-AS4TsHRN0XkIgomRNpvAebSi57o#\">&gt;&gt;&gt;WPmagazyn&gt;&gt;zobacz<\/a><\/p><p>Monika Zuber, pastorka z E\u0142ku: Na egzaminie jeden z pastor\u00f3w zapyta\u0142, <br \/>kto zajmie si\u0119 dzie\u0107mi, gdy ja b\u0119d\u0119 w ko\u015bciele<a href=\"https:\/\/wyborcza.pl\/duzyformat\/7,127290,24944871,monika-zuber-pastorka-z-elku-na-egzaminie-jeden-z-pastorow.html\">&gt;&gt;&gt;Du\u017cyFormat&gt;&gt;zobacz<\/a><\/p><p>&#8222;\u017be\u0144ska forma s\u0142owa ksi\u0105dz, to ksi\u0119\u017cniczka. Mo\u017cna si\u0119 tak do mnie zwraca\u0107&#8221;. Rozmawiamy z pastork\u0105 <a href=\"https:\/\/www.ofeminin.pl\/swiat-kobiet\/to-dla-nas-wazne\/rozmowa-z-pastorka-o-kobietach-w-kosciele-i-pedofilii-oto-monika-zuber\/135pg8x\">&gt;&gt;&gt;Ofeminin.pl&gt;&gt;zobacz<\/a><\/p><p>LUBI\u0118, GDY M\u00d3WI SI\u0118 DO MNIE \u201ePASTORKO\u201d<br \/>Rozmowa z duchown\u0105 Monik\u0105 Zuber<a href=\"https:\/\/igimag.pl\/2017\/07\/lubie-mowi-sie-pastorko\/\">&gt;&gt;&gt;Igimag.pl&gt;&gt;zobacz<\/a><\/p><p>Zuber: Gdyby Jezus by\u0142 kobiet\u0105<a href=\"https:\/\/magazynkontakt.pl\/zuber-gdyby-jezus-byl-kobieta\/\">&gt;&gt;&gt;MagazynKONTAKT&gt;&gt;zobacz<\/a><\/p><p>Pastorzyca Monika<a href=\"https:\/\/www.onet.pl\/?utm_source=www.moniazuber.pl_viasg_wiadomosci&amp;utm_medium=referal&amp;utm_campaign=leo_automatic&amp;srcc=ucs&amp;pid=f52768f2-7e16-4a4a-9ea2-de66951a83b5&amp;sid=b177a2c9-166f-4113-9b28-185bbe554807&amp;utm_v=2\">&gt;&gt;Onet&gt;&gt;zobacz<\/a><\/p><p>Kobieta w sutannie<a href=\"https:\/\/dziendobry.tvn.pl\/a\/kobieta-w-sutannie-\">&gt;&gt;&gt;DDTVN&gt;&gt;zobacz<\/a><\/p>\t\t\t\t\t<\/div>\n\t\t\t\t\t\t<\/div>\n\t\t\t\t<\/div>\n\t\t\t\t\t\t<\/div>\n\t\t\t\t\t<\/div>\n\t\t<\/div>\n\t\t\t\t\t\t\t\t<\/div>\n\t\t\t\t\t<\/div>\n\t\t<\/section>\n\t\t\t\t\t\t<\/div>\n\t\t\t\t\t\t<\/div>\n\t\t\t\t\t<\/div>\n\t\t","protected":false},"excerpt":{"rendered":"<p>strona mojego m\u0119\u017ca, Darka: &gt;&gt;HOMPASCHALIS&lt;&lt;\u00a0 m\u00f3j blogo-pami\u0119tnik: &gt;&gt;BLOG MONI ZUBER&lt;&lt; strona parafii w Starych Juchach, gdzie s\u0142u\u017c\u0119: &gt;&gt;PARAFIA STARE JUCHY&lt;&lt; strona parafii w E\u0142ku, gdzie s\u0142u\u017c\u0119 pomocniczo: &gt;&gt;PARAFIA MI\u0141O\u015aCI BO\u017bEJ&lt;&lt; strona O\u015brodka wypoczynkowego Sowa, kt\u00f3ry prowadz\u0119 w Starych Juchach: &gt;&gt;SOWA&lt;&lt; strona Ko\u015bcio\u0142a Ewangelicko-Metodystycznego w Polsce: &gt;&gt;METODY\u015aCI&lt;&lt;\u200b strona Zjednoczonego Ko\u015bcio\u0142a Metodyst\u00f3w: &gt;&gt;UNITED METHODIST CHURCH&lt;&lt;\u200b\u200b Wywiady i rozmowy: Miasto Kobiet TVN &#8211; o nie pomijaniu fragment\u00f3w antydyskryminuj\u0105cych w Pi\u015bmie&gt;&gt;&gt;MiastoKobietTVN&gt;&gt;&gt;zobacz Reformacja jest kobiet\u0105 \u2013 o feminizmie, Strajku Kobiet i s\u0142u\u017cbie Bogu&gt;&gt;&gt;MATWonline&gt;&gt;zobacz Kobieta przy o\u0142tarzu. Jak panie radz\u0105 sobie w roli duchownych?&gt;&gt;&gt;DDTVN&gt;&gt;&gt;zobacz\u200b Monika Zuber &#8211; kobieta, kt\u00f3ra zosta\u0142a ksi\u0119dzem &gt;&gt;&gt;DDTVN&gt;&gt;&gt;zobacz Monika Zuber: Aposto\u0142ami byli tylko \u017bydzi&gt;&gt;&gt;MiastoGazeta&gt;&gt;zobacz Ks. Monika Zuber: Sko\u0144czy\u0142am teologi\u0119 i na studiach nie us\u0142ysza\u0142am prawie o \u017cadnej kobiecie z historii Ko\u015bcio\u0142a&gt;&gt;&gt;Kobieta.Gazeta.pl&gt;&gt;zobacz Kobiety na ambony! Monika Zuber nosi koloratk\u0119, nie unika tematu aborcji i jest &#8222;paliwem do piek\u0142a&#8221;&gt;&gt;&gt;NaTemat&gt;&gt;zobacz Pastorka polskich metodyst\u00f3w: B\u00f3g dzia\u0142a przez \u015bwieckich w Ko\u015bciele, im te\u017c rozdziela powo\u0142ania &gt;&gt;&gt;Aleteia&gt;&gt;zobacz Kobieta ksi\u0105dz? Dlaczego nie?&gt;&gt;&gt;GazetaOlsztynska&gt;&gt;zobacz Podkast ks. Monika Zuber&gt;&gt;&gt;KobietyjakRakiety&gt;&gt;zobacz Cz\u0142owiek staje si\u0119 lepszy poprzez mi\u0142o\u015b\u0107, a nie cierpienie&gt;&gt;&gt;WPmagazyn&gt;&gt;zobacz Monika Zuber, pastorka z E\u0142ku: Na egzaminie jeden z pastor\u00f3w zapyta\u0142, kto zajmie si\u0119 dzie\u0107mi, gdy ja b\u0119d\u0119 w ko\u015bciele&gt;&gt;&gt;Du\u017cyFormat&gt;&gt;zobacz &#8222;\u017be\u0144ska forma s\u0142owa ksi\u0105dz, to ksi\u0119\u017cniczka. Mo\u017cna si\u0119 tak do mnie zwraca\u0107&#8221;. Rozmawiamy z pastork\u0105 &gt;&gt;&gt;Ofeminin.pl&gt;&gt;zobacz LUBI\u0118, GDY M\u00d3WI SI\u0118 DO MNIE \u201ePASTORKO\u201dRozmowa z duchown\u0105 Monik\u0105 Zuber&gt;&gt;&gt;Igimag.pl&gt;&gt;zobacz Zuber: Gdyby Jezus by\u0142 kobiet\u0105&gt;&gt;&gt;MagazynKONTAKT&gt;&gt;zobacz Pastorzyca Monika&gt;&gt;Onet&gt;&gt;zobacz Kobieta w sutannie&gt;&gt;&gt;DDTVN&gt;&gt;zobacz<\/p>\n","protected":false},"author":1,"featured_media":0,"parent":0,"menu_order":6,"comment_status":"closed","ping_status":"closed","template":"","meta":{"ngg_post_thumbnail":0},"_links":{"self":[{"href":"http:\/\/www.moniazuber.pl\/index.php?rest_route=\/wp\/v2\/pages\/45"}],"collection":[{"href":"http:\/\/www.moniazuber.pl\/index.php?rest_route=\/wp\/v2\/pages"}],"about":[{"href":"http:\/\/www.moniazuber.pl\/index.php?rest_route=\/wp\/v2\/types\/page"}],"author":[{"embeddable":true,"href":"http:\/\/www.moniazuber.pl\/index.php?rest_route=\/wp\/v2\/users\/1"}],"replies":[{"embeddable":true,"href":"http:\/\/www.moniazuber.pl\/index.php?rest_route=%2Fwp%2Fv2%2Fcomments&post=45"}],"version-history":[{"count":36,"href":"http:\/\/www.moniazuber.pl\/index.php?rest_route=\/wp\/v2\/pages\/45\/revisions"}],"predecessor-version":[{"id":1507,"href":"http:\/\/www.moniazuber.pl\/index.php?rest_route=\/wp\/v2\/pages\/45\/revisions\/1507"}],"wp:attachment":[{"href":"http:\/\/www.moniazuber.pl\/index.php?rest_route=%2Fwp%2Fv2%2Fmedia&parent=45"}],"curies":[{"name":"wp","href":"https:\/\/api.w.org\/{rel}","templated":true}]}}